{"id":4461,"date":"2023-06-24T10:09:20","date_gmt":"2023-06-24T07:09:20","guid":{"rendered":"https:\/\/yeni.vasel.com.tr\/?post_type=product&#038;p=4461"},"modified":"2023-06-24T10:09:20","modified_gmt":"2023-06-24T07:09:20","slug":"760-vs1028s2-k-vasel-vinc-crane-cable-festoon-system-aski-arabasi-suspension-trolley-2w","status":"publish","type":"product","link":"https:\/\/yeni.vasel.com.tr\/de\/760-vs1028s2-k-vasel-vinc-crane-cable-festoon-system-aski-arabasi-suspension-trolley-2w\/","title":{"rendered":"Ask\u0131 Arabas\u0131 (2W) Karabinal\u0131"},"content":{"rendered":"<table width=\"259\">\n<tbody>\n<tr>\n<td width=\"110\">Ta\u015f\u0131c\u0131 Tekerlek<\/td>\n<td width=\"149\">\u00c7elik Ta\u015f\u0131y\u0131c\u0131 Tekerlek<\/td>\n<\/tr>\n<tr>\n<td>Material<\/td>\n<td width=\"149\">\u00c7elik G\u00f6vde<br \/>\nGalvanizli G\u00f6vde<\/td>\n<\/tr>\n<tr>\n<td>\u00c7al\u0131\u015fma S\u0131cakl\u0131\u011f\u0131<\/td>\n<td width=\"149\">\u00a0-30\u00b0C to +70\u00b0C<\/td>\n<\/tr>\n<\/tbody>\n<\/table>","protected":false},"excerpt":{"rendered":"<table width=\"60\">\n<tbody>\n<tr>\n<td width=\"14\">t<\/td>\n<td width=\"23\">w1<\/td>\n<td width=\"23\">w2<\/td>\n<\/tr>\n<tr>\n<td width=\"14\">4<\/td>\n<td width=\"23\">21<\/td>\n<td width=\"23\">22<\/td>\n<\/tr>\n<\/tbody>\n<\/table>","protected":false},"featured_media":4462,"comment_status":"closed","ping_status":"closed","template":"","meta":{"_et_pb_use_builder":"","_et_pb_old_content":"","_et_gb_content_width":""},"product_brand":[],"product_cat":[219,218],"product_tag":[],"class_list":{"0":"post-4461","1":"product","2":"type-product","3":"status-publish","4":"has-post-thumbnail","6":"product_cat-1028-vasel-vinc-c-profil-kablo-tasima-sistemleri-crane-cable-festoon-system-c-rail-c-profil-c-track","7":"product_cat-vasel-vinc-c-profil-kablo-tasima-sistemleri-crane-cable-festoon-system-c-rail-c-profil-c-track","9":"first","10":"instock","11":"shipping-taxable","12":"product-type-simple"},"_links":{"self":[{"href":"https:\/\/yeni.vasel.com.tr\/de\/wp-json\/wp\/v2\/product\/4461","targetHints":{"allow":["GET"]}}],"collection":[{"href":"https:\/\/yeni.vasel.com.tr\/de\/wp-json\/wp\/v2\/product"}],"about":[{"href":"https:\/\/yeni.vasel.com.tr\/de\/wp-json\/wp\/v2\/types\/product"}],"replies":[{"embeddable":true,"href":"https:\/\/yeni.vasel.com.tr\/de\/wp-json\/wp\/v2\/comments?post=4461"}],"wp:featuredmedia":[{"embeddable":true,"href":"https:\/\/yeni.vasel.com.tr\/de\/wp-json\/wp\/v2\/media\/4462"}],"wp:attachment":[{"href":"https:\/\/yeni.vasel.com.tr\/de\/wp-json\/wp\/v2\/media?parent=4461"}],"wp:term":[{"taxonomy":"product_brand","embeddable":true,"href":"https:\/\/yeni.vasel.com.tr\/de\/wp-json\/wp\/v2\/product_brand?post=4461"},{"taxonomy":"product_cat","embeddable":true,"href":"https:\/\/yeni.vasel.com.tr\/de\/wp-json\/wp\/v2\/product_cat?post=4461"},{"taxonomy":"product_tag","embeddable":true,"href":"https:\/\/yeni.vasel.com.tr\/de\/wp-json\/wp\/v2\/product_tag?post=4461"}],"curies":[{"name":"wp","href":"https:\/\/api.w.org\/{rel}","templated":true}]}}