{"id":4366,"date":"2023-06-23T14:47:09","date_gmt":"2023-06-23T11:47:09","guid":{"rendered":"https:\/\/yeni.vasel.com.tr\/?post_type=product&#038;p=4366"},"modified":"2025-10-31T14:57:28","modified_gmt":"2025-10-31T11:57:28","slug":"520-vs1028f3-86-4-vasel-vinc-crane-cable-festoon-system-kumanda-kontrol-pendant-ideal-control","status":"publish","type":"product","link":"https:\/\/yeni.vasel.com.tr\/de\/520-vs1028f3-86-4-vasel-vinc-crane-cable-festoon-system-kumanda-kontrol-pendant-ideal-control\/","title":{"rendered":"Kumanda Kontrol \u00dcnitesi Arabas\u0131"},"content":{"rendered":"<table width=\"360\">\n<tbody>\n<tr>\n<td width=\"215\">Ta\u015f\u0131c\u0131 Tekerlek<\/td>\n<td width=\"145\">\u00c7elik Ta\u015f\u0131y\u0131c\u0131 Tekerlek<\/td>\n<\/tr>\n<tr>\n<td>Material<\/td>\n<td width=\"145\">\u00c7elik G\u00f6vde<br \/>\nPlastik Kablo Ba\u011flant\u0131 Aparat\u0131<br \/>\nGalvanizli G\u00f6vde<\/td>\n<\/tr>\n<tr>\n<td>\u00c7al\u0131\u015fma S\u0131cakl\u0131\u011f\u0131<\/td>\n<td width=\"145\">\u00a0-30\u00b0C to +70\u00b0C<\/td>\n<\/tr>\n<tr>\n<td>Max. Kablo Ta\u015f\u0131ma Kapasitesi<\/td>\n<td width=\"145\">10 kg<\/td>\n<\/tr>\n<tr>\n<td>A\u011f\u0131rl\u0131k (kg)<\/td>\n<td>1,23<\/td>\n<\/tr>\n<\/tbody>\n<\/table>","protected":false},"excerpt":{"rendered":"<h6><sub>*Bu \u00fcr\u00fcn genellikle 16 ve 24 pin soket tak\u0131m\u0131 montaj\u0131 ile birlikte kullan\u0131l\u0131p h\u0131zl\u0131 ve pratik montaj yap\u0131labilmesini sa\u011flamaktad\u0131r.<\/sub><\/h6>\n<h6><sub>*<\/sub><sub>Foto\u011frafta yer alan \u00fcr\u00fcn \u00fczerinde montajl\u0131 olan soket ve rakor g\u00f6rsel uygulama anlat\u0131m\u0131 i\u00e7in olup, \u00fcr\u00fcnle birlikte sat\u0131lmamaktad\u0131r.<\/sub><\/h6>\n<p>&nbsp;<\/p>\n<table width=\"315\">\n<tbody>\n<tr>\n<td width=\"35\">a<\/td>\n<td width=\"35\">b1<\/td>\n<td width=\"35\">b2<\/td>\n<td width=\"35\">b3<\/td>\n<td width=\"35\">s<\/td>\n<td width=\"35\">h<\/td>\n<td width=\"35\">w1<\/td>\n<td width=\"35\">w2<\/td>\n<td width=\"35\">\u00f8D<\/td>\n<\/tr>\n<tr>\n<td width=\"35\">125<\/td>\n<td width=\"35\">93<\/td>\n<td width=\"35\">66<\/td>\n<td width=\"35\">380<\/td>\n<td width=\"35\">17<\/td>\n<td width=\"35\">80<\/td>\n<td width=\"35\">21<\/td>\n<td width=\"35\">22<\/td>\n<td width=\"35\">50<\/td>\n<\/tr>\n<\/tbody>\n<\/table>","protected":false},"featured_media":4367,"comment_status":"closed","ping_status":"closed","template":"","meta":{"_et_pb_use_builder":"","_et_pb_old_content":"","_et_gb_content_width":""},"product_brand":[],"product_cat":[219,218],"product_tag":[],"class_list":{"0":"post-4366","1":"product","2":"type-product","3":"status-publish","4":"has-post-thumbnail","6":"product_cat-1028-vasel-vinc-c-profil-kablo-tasima-sistemleri-crane-cable-festoon-system-c-rail-c-profil-c-track","7":"product_cat-vasel-vinc-c-profil-kablo-tasima-sistemleri-crane-cable-festoon-system-c-rail-c-profil-c-track","9":"first","10":"instock","11":"shipping-taxable","12":"product-type-simple"},"_links":{"self":[{"href":"https:\/\/yeni.vasel.com.tr\/de\/wp-json\/wp\/v2\/product\/4366","targetHints":{"allow":["GET"]}}],"collection":[{"href":"https:\/\/yeni.vasel.com.tr\/de\/wp-json\/wp\/v2\/product"}],"about":[{"href":"https:\/\/yeni.vasel.com.tr\/de\/wp-json\/wp\/v2\/types\/product"}],"replies":[{"embeddable":true,"href":"https:\/\/yeni.vasel.com.tr\/de\/wp-json\/wp\/v2\/comments?post=4366"}],"wp:featuredmedia":[{"embeddable":true,"href":"https:\/\/yeni.vasel.com.tr\/de\/wp-json\/wp\/v2\/media\/4367"}],"wp:attachment":[{"href":"https:\/\/yeni.vasel.com.tr\/de\/wp-json\/wp\/v2\/media?parent=4366"}],"wp:term":[{"taxonomy":"product_brand","embeddable":true,"href":"https:\/\/yeni.vasel.com.tr\/de\/wp-json\/wp\/v2\/product_brand?post=4366"},{"taxonomy":"product_cat","embeddable":true,"href":"https:\/\/yeni.vasel.com.tr\/de\/wp-json\/wp\/v2\/product_cat?post=4366"},{"taxonomy":"product_tag","embeddable":true,"href":"https:\/\/yeni.vasel.com.tr\/de\/wp-json\/wp\/v2\/product_tag?post=4366"}],"curies":[{"name":"wp","href":"https:\/\/api.w.org\/{rel}","templated":true}]}}