{"id":4203,"date":"2023-06-22T17:09:48","date_gmt":"2023-06-22T14:09:48","guid":{"rendered":"https:\/\/yeni.vasel.com.tr\/?post_type=product&#038;p=4203"},"modified":"2023-06-23T10:04:43","modified_gmt":"2023-06-23T07:04:43","slug":"360-vs1028l4-vasel-vinc-crane-cable-festoon-system-profil-sonlandirici-kaucuk-end-stop-buffer","status":"publish","type":"product","link":"https:\/\/yeni.vasel.com.tr\/de\/360-vs1028l4-vasel-vinc-crane-cable-festoon-system-profil-sonlandirici-kaucuk-end-stop-buffer\/","title":{"rendered":"Profil Sonland\u0131r\u0131c\u0131 (Kau\u00e7uk Tamponlu)"},"content":{"rendered":"<table width=\"226\">\n<tbody>\n<tr>\n<td width=\"89\">Material<\/td>\n<td width=\"137\">\u00c7elik (galvanizli)<\/td>\n<\/tr>\n<tr>\n<td>A\u011f\u0131rl\u0131k (kg\/m)<\/td>\n<td>0,05<\/td>\n<\/tr>\n<\/tbody>\n<\/table>","protected":false},"excerpt":{"rendered":"<table style=\"width: 267px\" width=\"274\">\n<tbody>\n<tr>\n<td style=\"width: 82.5695px\">a1<\/td>\n<td style=\"width: 82.5695px\">a2<\/td>\n<td style=\"width: 82.5868px\">b<\/td>\n<\/tr>\n<tr>\n<td style=\"width: 82.5695px\">20<\/td>\n<td style=\"width: 82.5695px\">20<\/td>\n<td style=\"width: 82.5868px\">54<\/td>\n<\/tr>\n<\/tbody>\n<\/table>","protected":false},"featured_media":4207,"comment_status":"closed","ping_status":"closed","template":"","meta":{"_et_pb_use_builder":"","_et_pb_old_content":"","_et_gb_content_width":""},"product_brand":[],"product_cat":[219,218],"product_tag":[],"class_list":{"0":"post-4203","1":"product","2":"type-product","3":"status-publish","4":"has-post-thumbnail","6":"product_cat-1028-vasel-vinc-c-profil-kablo-tasima-sistemleri-crane-cable-festoon-system-c-rail-c-profil-c-track","7":"product_cat-vasel-vinc-c-profil-kablo-tasima-sistemleri-crane-cable-festoon-system-c-rail-c-profil-c-track","9":"first","10":"instock","11":"shipping-taxable","12":"product-type-simple"},"_links":{"self":[{"href":"https:\/\/yeni.vasel.com.tr\/de\/wp-json\/wp\/v2\/product\/4203","targetHints":{"allow":["GET"]}}],"collection":[{"href":"https:\/\/yeni.vasel.com.tr\/de\/wp-json\/wp\/v2\/product"}],"about":[{"href":"https:\/\/yeni.vasel.com.tr\/de\/wp-json\/wp\/v2\/types\/product"}],"replies":[{"embeddable":true,"href":"https:\/\/yeni.vasel.com.tr\/de\/wp-json\/wp\/v2\/comments?post=4203"}],"wp:featuredmedia":[{"embeddable":true,"href":"https:\/\/yeni.vasel.com.tr\/de\/wp-json\/wp\/v2\/media\/4207"}],"wp:attachment":[{"href":"https:\/\/yeni.vasel.com.tr\/de\/wp-json\/wp\/v2\/media?parent=4203"}],"wp:term":[{"taxonomy":"product_brand","embeddable":true,"href":"https:\/\/yeni.vasel.com.tr\/de\/wp-json\/wp\/v2\/product_brand?post=4203"},{"taxonomy":"product_cat","embeddable":true,"href":"https:\/\/yeni.vasel.com.tr\/de\/wp-json\/wp\/v2\/product_cat?post=4203"},{"taxonomy":"product_tag","embeddable":true,"href":"https:\/\/yeni.vasel.com.tr\/de\/wp-json\/wp\/v2\/product_tag?post=4203"}],"curies":[{"name":"wp","href":"https:\/\/api.w.org\/{rel}","templated":true}]}}