{"id":4170,"date":"2023-06-22T16:49:27","date_gmt":"2023-06-22T13:49:27","guid":{"rendered":"https:\/\/yeni.vasel.com.tr\/?post_type=product&#038;p=4170"},"modified":"2023-07-24T09:10:06","modified_gmt":"2023-07-24T06:10:06","slug":"312-vs1008ks-4-vasel-vinc-crane-cable-festoon-system-emas-vt-ravioli-telemecanique-schneider-tur-rotary-switch-tablasi-plate","status":"publish","type":"product","link":"https:\/\/yeni.vasel.com.tr\/de\/312-vs1008ks-4-vasel-vinc-crane-cable-festoon-system-emas-vt-ravioli-telemecanique-schneider-tur-rotary-switch-tablasi-plate\/","title":{"rendered":"Tur Switch Ba\u011flant\u0131 Tablas\u0131"},"content":{"rendered":"<table width=\"396\">\n<tbody>\n<tr>\n<td width=\"173\">Material<\/td>\n<td width=\"223\">\u00c7elik (galvanizli)<\/td>\n<\/tr>\n<tr>\n<td>A\u011f\u0131rl\u0131k(kg)<\/td>\n<td>0,3<\/td>\n<\/tr>\n<\/tbody>\n<\/table>","protected":false},"excerpt":{"rendered":"<table style=\"border-collapse: collapse;width: 192pt\" border=\"0\" width=\"256\" cellspacing=\"0\" cellpadding=\"0\">\n<tbody>\n<tr style=\"height: 15.0pt\">\n<td class=\"xl65\" dir=\"LTR\" style=\"height: 15.0pt;width: 48pt\" width=\"64\" height=\"20\">a<\/td>\n<td class=\"xl65\" dir=\"LTR\" style=\"border-left: none;width: 48pt\" width=\"64\">b1<\/td>\n<td class=\"xl65\" dir=\"LTR\" style=\"border-left: none;width: 48pt\" width=\"64\">b2<\/td>\n<td class=\"xl65\" dir=\"LTR\" style=\"border-left: none;width: 48pt\" width=\"64\">c<\/td>\n<\/tr>\n<tr style=\"height: 15.0pt\">\n<td class=\"xl66\" dir=\"LTR\" style=\"height: 15.0pt;border-top: none;width: 48pt\" width=\"64\" height=\"20\">63<\/td>\n<td class=\"xl66\" dir=\"LTR\" style=\"border-top: none;border-left: none;width: 48pt\" width=\"64\">45<\/td>\n<td class=\"xl66\" dir=\"LTR\" style=\"border-top: none;border-left: none;width: 48pt\" width=\"64\">90<\/td>\n<td class=\"xl66\" dir=\"LTR\" style=\"border-top: none;border-left: none;width: 48pt\" width=\"64\">76<\/td>\n<\/tr>\n<\/tbody>\n<\/table>","protected":false},"featured_media":4171,"comment_status":"closed","ping_status":"closed","template":"","meta":{"_et_pb_use_builder":"","_et_pb_old_content":"","_et_gb_content_width":""},"product_brand":[],"product_cat":[219,220,221,218],"product_tag":[],"class_list":{"0":"post-4170","1":"product","2":"type-product","3":"status-publish","4":"has-post-thumbnail","6":"product_cat-1028-vasel-vinc-c-profil-kablo-tasima-sistemleri-crane-cable-festoon-system-c-rail-c-profil-c-track","7":"product_cat-1032-vasel-vinc-c-profil-kablo-tasima-sistemleri-crane-cable-festoon-system-c-rail-c-profil-c-track","8":"product_cat-1040-vasel-vinc-c-profil-kablo-tasima-sistemleri-crane-cable-festoon-system-c-rail-c-profil-c-track","9":"product_cat-vasel-vinc-c-profil-kablo-tasima-sistemleri-crane-cable-festoon-system-c-rail-c-profil-c-track","11":"first","12":"instock","13":"shipping-taxable","14":"product-type-simple"},"_links":{"self":[{"href":"https:\/\/yeni.vasel.com.tr\/de\/wp-json\/wp\/v2\/product\/4170","targetHints":{"allow":["GET"]}}],"collection":[{"href":"https:\/\/yeni.vasel.com.tr\/de\/wp-json\/wp\/v2\/product"}],"about":[{"href":"https:\/\/yeni.vasel.com.tr\/de\/wp-json\/wp\/v2\/types\/product"}],"replies":[{"embeddable":true,"href":"https:\/\/yeni.vasel.com.tr\/de\/wp-json\/wp\/v2\/comments?post=4170"}],"wp:featuredmedia":[{"embeddable":true,"href":"https:\/\/yeni.vasel.com.tr\/de\/wp-json\/wp\/v2\/media\/4171"}],"wp:attachment":[{"href":"https:\/\/yeni.vasel.com.tr\/de\/wp-json\/wp\/v2\/media?parent=4170"}],"wp:term":[{"taxonomy":"product_brand","embeddable":true,"href":"https:\/\/yeni.vasel.com.tr\/de\/wp-json\/wp\/v2\/product_brand?post=4170"},{"taxonomy":"product_cat","embeddable":true,"href":"https:\/\/yeni.vasel.com.tr\/de\/wp-json\/wp\/v2\/product_cat?post=4170"},{"taxonomy":"product_tag","embeddable":true,"href":"https:\/\/yeni.vasel.com.tr\/de\/wp-json\/wp\/v2\/product_tag?post=4170"}],"curies":[{"name":"wp","href":"https:\/\/api.w.org\/{rel}","templated":true}]}}