{"id":4139,"date":"2023-06-22T15:59:15","date_gmt":"2023-06-22T12:59:15","guid":{"rendered":"https:\/\/yeni.vasel.com.tr\/?post_type=product&#038;p=4139"},"modified":"2025-10-06T17:23:23","modified_gmt":"2025-10-06T14:23:23","slug":"290-vs1008at40c-vasel-vinc-crane-cable-festoon-system-on-araba-surukleyici-kol-towing-arm-sets","status":"publish","type":"product","link":"https:\/\/yeni.vasel.com.tr\/de\/290-vs1008at40c-vasel-vinc-crane-cable-festoon-system-on-araba-surukleyici-kol-towing-arm-sets\/","title":{"rendered":"\u00d6n Araba S\u00fcr\u00fckleyici Kolu"},"content":{"rendered":"<table width=\"219\">\n<tbody>\n<tr>\n<td width=\"82\">Material<\/td>\n<td width=\"137\">\u00c7elik (galvanizli)<\/td>\n<\/tr>\n<\/tbody>\n<\/table>","protected":false},"excerpt":{"rendered":"<p>Malzeme \u00c7elik (galvanizli)<\/p>","protected":false},"featured_media":4140,"comment_status":"closed","ping_status":"closed","template":"","meta":{"_et_pb_use_builder":"","_et_pb_old_content":"","_et_gb_content_width":""},"product_brand":[],"product_cat":[219,220,221,218],"product_tag":[],"class_list":{"0":"post-4139","1":"product","2":"type-product","3":"status-publish","4":"has-post-thumbnail","6":"product_cat-1028-vasel-vinc-c-profil-kablo-tasima-sistemleri-crane-cable-festoon-system-c-rail-c-profil-c-track","7":"product_cat-1032-vasel-vinc-c-profil-kablo-tasima-sistemleri-crane-cable-festoon-system-c-rail-c-profil-c-track","8":"product_cat-1040-vasel-vinc-c-profil-kablo-tasima-sistemleri-crane-cable-festoon-system-c-rail-c-profil-c-track","9":"product_cat-vasel-vinc-c-profil-kablo-tasima-sistemleri-crane-cable-festoon-system-c-rail-c-profil-c-track","11":"first","12":"instock","13":"shipping-taxable","14":"product-type-simple"},"_links":{"self":[{"href":"https:\/\/yeni.vasel.com.tr\/de\/wp-json\/wp\/v2\/product\/4139","targetHints":{"allow":["GET"]}}],"collection":[{"href":"https:\/\/yeni.vasel.com.tr\/de\/wp-json\/wp\/v2\/product"}],"about":[{"href":"https:\/\/yeni.vasel.com.tr\/de\/wp-json\/wp\/v2\/types\/product"}],"replies":[{"embeddable":true,"href":"https:\/\/yeni.vasel.com.tr\/de\/wp-json\/wp\/v2\/comments?post=4139"}],"wp:featuredmedia":[{"embeddable":true,"href":"https:\/\/yeni.vasel.com.tr\/de\/wp-json\/wp\/v2\/media\/4140"}],"wp:attachment":[{"href":"https:\/\/yeni.vasel.com.tr\/de\/wp-json\/wp\/v2\/media?parent=4139"}],"wp:term":[{"taxonomy":"product_brand","embeddable":true,"href":"https:\/\/yeni.vasel.com.tr\/de\/wp-json\/wp\/v2\/product_brand?post=4139"},{"taxonomy":"product_cat","embeddable":true,"href":"https:\/\/yeni.vasel.com.tr\/de\/wp-json\/wp\/v2\/product_cat?post=4139"},{"taxonomy":"product_tag","embeddable":true,"href":"https:\/\/yeni.vasel.com.tr\/de\/wp-json\/wp\/v2\/product_tag?post=4139"}],"curies":[{"name":"wp","href":"https:\/\/api.w.org\/{rel}","templated":true}]}}