{"id":4131,"date":"2023-06-22T15:55:42","date_gmt":"2023-06-22T12:55:42","guid":{"rendered":"https:\/\/yeni.vasel.com.tr\/?post_type=product&#038;p=4131"},"modified":"2023-07-22T11:36:17","modified_gmt":"2023-07-22T08:36:17","slug":"250-vs1012s4-vasel-vinc-crane-cable-festoon-system-sasi-baglanti-kolu-support-towing-arm","status":"publish","type":"product","link":"https:\/\/yeni.vasel.com.tr\/de\/250-vs1012s4-vasel-vinc-crane-cable-festoon-system-sasi-baglanti-kolu-support-towing-arm\/","title":{"rendered":"\u015easi Ba\u011flant\u0131 Kolu\/\u2026\u2026mm(1012 Serisi)"},"content":{"rendered":"<table width=\"234\">\n<tbody>\n<tr>\n<td width=\"89\">Material<\/td>\n<td width=\"145\">\u00c7elik (galvanizli<\/td>\n<\/tr>\n<\/tbody>\n<\/table>","protected":false},"excerpt":{"rendered":"<table width=\"175\">\n<tbody>\n<tr>\n<td width=\"35\">a1<\/td>\n<td width=\"35\">a2<\/td>\n<td width=\"35\">b1<\/td>\n<td width=\"35\">b2<\/td>\n<td width=\"35\">t<\/td>\n<\/tr>\n<tr>\n<td width=\"35\">125<\/td>\n<td width=\"35\">100<\/td>\n<td width=\"35\">125<\/td>\n<td width=\"35\">100<\/td>\n<td width=\"35\">4<\/td>\n<\/tr>\n<\/tbody>\n<\/table>","protected":false},"featured_media":4135,"comment_status":"closed","ping_status":"closed","template":"","meta":{"_et_pb_use_builder":"","_et_pb_old_content":"","_et_gb_content_width":""},"product_brand":[],"product_cat":[219,220,221,218],"product_tag":[],"class_list":{"0":"post-4131","1":"product","2":"type-product","3":"status-publish","4":"has-post-thumbnail","6":"product_cat-1028-vasel-vinc-c-profil-kablo-tasima-sistemleri-crane-cable-festoon-system-c-rail-c-profil-c-track","7":"product_cat-1032-vasel-vinc-c-profil-kablo-tasima-sistemleri-crane-cable-festoon-system-c-rail-c-profil-c-track","8":"product_cat-1040-vasel-vinc-c-profil-kablo-tasima-sistemleri-crane-cable-festoon-system-c-rail-c-profil-c-track","9":"product_cat-vasel-vinc-c-profil-kablo-tasima-sistemleri-crane-cable-festoon-system-c-rail-c-profil-c-track","11":"first","12":"instock","13":"shipping-taxable","14":"product-type-simple"},"_links":{"self":[{"href":"https:\/\/yeni.vasel.com.tr\/de\/wp-json\/wp\/v2\/product\/4131","targetHints":{"allow":["GET"]}}],"collection":[{"href":"https:\/\/yeni.vasel.com.tr\/de\/wp-json\/wp\/v2\/product"}],"about":[{"href":"https:\/\/yeni.vasel.com.tr\/de\/wp-json\/wp\/v2\/types\/product"}],"replies":[{"embeddable":true,"href":"https:\/\/yeni.vasel.com.tr\/de\/wp-json\/wp\/v2\/comments?post=4131"}],"wp:featuredmedia":[{"embeddable":true,"href":"https:\/\/yeni.vasel.com.tr\/de\/wp-json\/wp\/v2\/media\/4135"}],"wp:attachment":[{"href":"https:\/\/yeni.vasel.com.tr\/de\/wp-json\/wp\/v2\/media?parent=4131"}],"wp:term":[{"taxonomy":"product_brand","embeddable":true,"href":"https:\/\/yeni.vasel.com.tr\/de\/wp-json\/wp\/v2\/product_brand?post=4131"},{"taxonomy":"product_cat","embeddable":true,"href":"https:\/\/yeni.vasel.com.tr\/de\/wp-json\/wp\/v2\/product_cat?post=4131"},{"taxonomy":"product_tag","embeddable":true,"href":"https:\/\/yeni.vasel.com.tr\/de\/wp-json\/wp\/v2\/product_tag?post=4131"}],"curies":[{"name":"wp","href":"https:\/\/api.w.org\/{rel}","templated":true}]}}