{"id":4069,"date":"2023-06-22T15:28:10","date_gmt":"2023-06-22T12:28:10","guid":{"rendered":"https:\/\/yeni.vasel.com.tr\/?post_type=product&#038;p=4069"},"modified":"2023-06-23T08:57:35","modified_gmt":"2023-06-23T05:57:35","slug":"70-vs1028d2-vasel-vinc-crane-cable-festoon-system-kayar-aski-track-support-bracket-hanger","status":"publish","type":"product","link":"https:\/\/yeni.vasel.com.tr\/de\/70-vs1028d2-vasel-vinc-crane-cable-festoon-system-kayar-aski-track-support-bracket-hanger\/","title":{"rendered":"Kayar ask\u0131 (1010 serisi i\u00e7in uygun tip )"},"content":{"rendered":"<table width=\"295\">\n<tbody>\n<tr>\n<td>Material<\/td>\n<td width=\"137\">\u00c7elik (galvanizli)<\/td>\n<\/tr>\n<tr>\n<td>A\u011f\u0131rl\u0131k(kg)<\/td>\n<td>0,23<\/td>\n<\/tr>\n<\/tbody>\n<\/table>","protected":false},"excerpt":{"rendered":"<table style=\"width: 456px\" width=\"466\">\n<tbody>\n<tr>\n<td style=\"width: 70.2431px\">a1<\/td>\n<td style=\"width: 70.2431px\">a2<\/td>\n<td style=\"width: 70.2431px\">b1<\/td>\n<td style=\"width: 70.2431px\">b2<\/td>\n<td style=\"width: 70.2431px\">h<\/td>\n<td style=\"width: 69.566px\">t<\/td>\n<\/tr>\n<tr>\n<td style=\"width: 70.2431px\">40<\/td>\n<td style=\"width: 70.2431px\">20<\/td>\n<td style=\"width: 70.2431px\">85<\/td>\n<td style=\"width: 70.2431px\">60<\/td>\n<td style=\"width: 70.2431px\">32<\/td>\n<td style=\"width: 69.566px\">5<\/td>\n<\/tr>\n<\/tbody>\n<\/table>","protected":false},"featured_media":4077,"comment_status":"closed","ping_status":"closed","template":"","meta":{"_et_pb_use_builder":"","_et_pb_old_content":"","_et_gb_content_width":""},"product_brand":[],"product_cat":[219,218],"product_tag":[],"class_list":{"0":"post-4069","1":"product","2":"type-product","3":"status-publish","4":"has-post-thumbnail","6":"product_cat-1028-vasel-vinc-c-profil-kablo-tasima-sistemleri-crane-cable-festoon-system-c-rail-c-profil-c-track","7":"product_cat-vasel-vinc-c-profil-kablo-tasima-sistemleri-crane-cable-festoon-system-c-rail-c-profil-c-track","9":"first","10":"instock","11":"shipping-taxable","12":"product-type-simple"},"_links":{"self":[{"href":"https:\/\/yeni.vasel.com.tr\/de\/wp-json\/wp\/v2\/product\/4069","targetHints":{"allow":["GET"]}}],"collection":[{"href":"https:\/\/yeni.vasel.com.tr\/de\/wp-json\/wp\/v2\/product"}],"about":[{"href":"https:\/\/yeni.vasel.com.tr\/de\/wp-json\/wp\/v2\/types\/product"}],"replies":[{"embeddable":true,"href":"https:\/\/yeni.vasel.com.tr\/de\/wp-json\/wp\/v2\/comments?post=4069"}],"wp:featuredmedia":[{"embeddable":true,"href":"https:\/\/yeni.vasel.com.tr\/de\/wp-json\/wp\/v2\/media\/4077"}],"wp:attachment":[{"href":"https:\/\/yeni.vasel.com.tr\/de\/wp-json\/wp\/v2\/media?parent=4069"}],"wp:term":[{"taxonomy":"product_brand","embeddable":true,"href":"https:\/\/yeni.vasel.com.tr\/de\/wp-json\/wp\/v2\/product_brand?post=4069"},{"taxonomy":"product_cat","embeddable":true,"href":"https:\/\/yeni.vasel.com.tr\/de\/wp-json\/wp\/v2\/product_cat?post=4069"},{"taxonomy":"product_tag","embeddable":true,"href":"https:\/\/yeni.vasel.com.tr\/de\/wp-json\/wp\/v2\/product_tag?post=4069"}],"curies":[{"name":"wp","href":"https:\/\/api.w.org\/{rel}","templated":true}]}}