{"id":3972,"date":"2023-06-22T12:23:21","date_gmt":"2023-06-22T09:23:21","guid":{"rendered":"https:\/\/yeni.vasel.com.tr\/?post_type=product&#038;p=3972"},"modified":"2023-06-26T09:20:40","modified_gmt":"2023-06-26T06:20:40","slug":"10-vs1032r2-vs1032r4-vasel-vinc-crane-cable-festoon-system-c-rail-c-profil-c-track","status":"publish","type":"product","link":"https:\/\/yeni.vasel.com.tr\/de\/10-vs1032r2-vs1032r4-vasel-vinc-crane-cable-festoon-system-c-rail-c-profil-c-track\/","title":{"rendered":"C-Profil\u00a0"},"content":{"rendered":"<table width=\"512\">\n<tbody>\n<tr>\n<td rowspan=\"2\" width=\"95\">Produktcode<\/td>\n<td rowspan=\"2\" width=\"163\">Material<\/td>\n<td rowspan=\"2\" width=\"52\">A\u011f\u0131rl\u0131k<br \/>\n(kg\/m)<\/td>\n<td rowspan=\"2\" width=\"52\">Uzunluk (b)<\/td>\n<td colspan=\"3\" width=\"150\">\u00d6l\u00e7\u00fcler (mm)<\/td>\n<\/tr>\n<tr>\n<td width=\"50\">a<\/td>\n<td width=\"50\">h<\/td>\n<td width=\"50\">t<\/td>\n<\/tr>\n<tr>\n<td>VS1032R2<\/td>\n<td>\u00c7elik (galvanizli)<\/td>\n<td>1,19<\/td>\n<td>4m<\/td>\n<td width=\"50\">32<\/td>\n<td width=\"50\">30<\/td>\n<td width=\"50\">1,5<\/td>\n<\/tr>\n<tr>\n<td>\u00a0VS1032R4<\/td>\n<td>\u00c7elik (galvanizli)<\/td>\n<td>1,58<\/td>\n<td>4m<\/td>\n<td width=\"50\">32<\/td>\n<td width=\"50\">30<\/td>\n<td width=\"50\">2.0<\/td>\n<\/tr>\n<\/tbody>\n<\/table>","protected":false},"excerpt":{"rendered":"<p>\u00dcr\u00fcn Kodu Malzeme A\u011f\u0131rl\u0131k (kg\/m) Uzunluk (b) \u00d6l\u00e7\u00fcler (mm) a h t VS1032R2 \u00c7elik (galvanizli) 1,19 4m 32 30 1,5 \u00a0VS1032R4 \u00c7elik (galvanizli) 1,58 4m 32 30 2.0<\/p>","protected":false},"featured_media":3973,"comment_status":"closed","ping_status":"closed","template":"","meta":{"_et_pb_use_builder":"","_et_pb_old_content":"","_et_gb_content_width":""},"product_brand":[],"product_cat":[220,218],"product_tag":[],"class_list":{"0":"post-3972","1":"product","2":"type-product","3":"status-publish","4":"has-post-thumbnail","6":"product_cat-1032-vasel-vinc-c-profil-kablo-tasima-sistemleri-crane-cable-festoon-system-c-rail-c-profil-c-track","7":"product_cat-vasel-vinc-c-profil-kablo-tasima-sistemleri-crane-cable-festoon-system-c-rail-c-profil-c-track","9":"first","10":"instock","11":"shipping-taxable","12":"product-type-simple"},"_links":{"self":[{"href":"https:\/\/yeni.vasel.com.tr\/de\/wp-json\/wp\/v2\/product\/3972","targetHints":{"allow":["GET"]}}],"collection":[{"href":"https:\/\/yeni.vasel.com.tr\/de\/wp-json\/wp\/v2\/product"}],"about":[{"href":"https:\/\/yeni.vasel.com.tr\/de\/wp-json\/wp\/v2\/types\/product"}],"replies":[{"embeddable":true,"href":"https:\/\/yeni.vasel.com.tr\/de\/wp-json\/wp\/v2\/comments?post=3972"}],"wp:featuredmedia":[{"embeddable":true,"href":"https:\/\/yeni.vasel.com.tr\/de\/wp-json\/wp\/v2\/media\/3973"}],"wp:attachment":[{"href":"https:\/\/yeni.vasel.com.tr\/de\/wp-json\/wp\/v2\/media?parent=3972"}],"wp:term":[{"taxonomy":"product_brand","embeddable":true,"href":"https:\/\/yeni.vasel.com.tr\/de\/wp-json\/wp\/v2\/product_brand?post=3972"},{"taxonomy":"product_cat","embeddable":true,"href":"https:\/\/yeni.vasel.com.tr\/de\/wp-json\/wp\/v2\/product_cat?post=3972"},{"taxonomy":"product_tag","embeddable":true,"href":"https:\/\/yeni.vasel.com.tr\/de\/wp-json\/wp\/v2\/product_tag?post=3972"}],"curies":[{"name":"wp","href":"https:\/\/api.w.org\/{rel}","templated":true}]}}