{"id":3965,"date":"2023-06-22T12:06:04","date_gmt":"2023-06-22T09:06:04","guid":{"rendered":"https:\/\/yeni.vasel.com.tr\/?post_type=product&#038;p=3965"},"modified":"2023-06-23T08:53:48","modified_gmt":"2023-06-23T05:53:48","slug":"40-vs1028a2-vasel-vinc-crane-cable-festoon-system-profil-askisi-track-support-bracket-hanger","status":"publish","type":"product","link":"https:\/\/yeni.vasel.com.tr\/de\/40-vs1028a2-vasel-vinc-crane-cable-festoon-system-profil-askisi-track-support-bracket-hanger\/","title":{"rendered":"Profil Ask\u0131s\u0131 (Tek Ba\u011flant\u0131 Civatal\u0131)"},"content":{"rendered":"<table style=\"height: 90px\" width=\"366\">\n<tbody>\n<tr style=\"height: 23px\">\n<td style=\"height: 23px;width: 140.885px\">Material<\/td>\n<td style=\"height: 23px;width: 211.146px\">\u00c7elik (galvanizli)<\/td>\n<\/tr>\n<tr style=\"height: 23px\">\n<td style=\"height: 23px;width: 140.885px\">A\u011f\u0131rl\u0131k(kg)<\/td>\n<td style=\"height: 23px;width: 211.146px\">0,18<\/td>\n<\/tr>\n<\/tbody>\n<\/table>","protected":false},"excerpt":{"rendered":"<table style=\"width: 267px\" width=\"274\">\n<tbody>\n<tr>\n<td style=\"width: 82.5695px\">a<\/td>\n<td style=\"width: 82.5695px\">h<\/td>\n<td style=\"width: 82.5868px\">b<\/td>\n<\/tr>\n<tr>\n<td style=\"width: 82.5695px\">37<\/td>\n<td style=\"width: 82.5695px\">42<\/td>\n<td style=\"width: 82.5868px\">47<\/td>\n<\/tr>\n<\/tbody>\n<\/table>","protected":false},"featured_media":3966,"comment_status":"closed","ping_status":"closed","template":"","meta":{"_et_pb_use_builder":"","_et_pb_old_content":"","_et_gb_content_width":""},"product_brand":[],"product_cat":[219,218],"product_tag":[],"class_list":{"0":"post-3965","1":"product","2":"type-product","3":"status-publish","4":"has-post-thumbnail","6":"product_cat-1028-vasel-vinc-c-profil-kablo-tasima-sistemleri-crane-cable-festoon-system-c-rail-c-profil-c-track","7":"product_cat-vasel-vinc-c-profil-kablo-tasima-sistemleri-crane-cable-festoon-system-c-rail-c-profil-c-track","9":"first","10":"instock","11":"shipping-taxable","12":"product-type-simple"},"_links":{"self":[{"href":"https:\/\/yeni.vasel.com.tr\/de\/wp-json\/wp\/v2\/product\/3965","targetHints":{"allow":["GET"]}}],"collection":[{"href":"https:\/\/yeni.vasel.com.tr\/de\/wp-json\/wp\/v2\/product"}],"about":[{"href":"https:\/\/yeni.vasel.com.tr\/de\/wp-json\/wp\/v2\/types\/product"}],"replies":[{"embeddable":true,"href":"https:\/\/yeni.vasel.com.tr\/de\/wp-json\/wp\/v2\/comments?post=3965"}],"wp:featuredmedia":[{"embeddable":true,"href":"https:\/\/yeni.vasel.com.tr\/de\/wp-json\/wp\/v2\/media\/3966"}],"wp:attachment":[{"href":"https:\/\/yeni.vasel.com.tr\/de\/wp-json\/wp\/v2\/media?parent=3965"}],"wp:term":[{"taxonomy":"product_brand","embeddable":true,"href":"https:\/\/yeni.vasel.com.tr\/de\/wp-json\/wp\/v2\/product_brand?post=3965"},{"taxonomy":"product_cat","embeddable":true,"href":"https:\/\/yeni.vasel.com.tr\/de\/wp-json\/wp\/v2\/product_cat?post=3965"},{"taxonomy":"product_tag","embeddable":true,"href":"https:\/\/yeni.vasel.com.tr\/de\/wp-json\/wp\/v2\/product_tag?post=3965"}],"curies":[{"name":"wp","href":"https:\/\/api.w.org\/{rel}","templated":true}]}}